{"id":61,"date":"2023-11-02T00:28:20","date_gmt":"2023-11-02T00:28:20","guid":{"rendered":"https:\/\/nourishedintheword.org\/?page_id=61"},"modified":"2023-11-02T00:36:33","modified_gmt":"2023-11-02T00:36:33","slug":"starlight-princess-slot-demo","status":"publish","type":"page","link":"https:\/\/nourishedintheword.org\/en\/starlight-princess-slot-demo\/","title":{"rendered":"Starlight Princess Slot Demo"},"content":{"rendered":"<h1 class=\"wp-block-heading\">Starlight Princess Slot Demo<\/h1>\n\n\n\n<p>Starlight Princess captures the imagination with vibrant East Asian visuals and seamlessly blends anime charm with online gaming excitement. The main character, the charismatic anime-inspired princess, presides over reels that sparkle with glittering jewels and celestial symbols. As players embark on this journey, there is a growing curiosity about the dynamics, bonuses and gameplay nuances. Check out this article for a comprehensive review of the Starlight Princess Demo Pragmatic Play.<\/p>\n\n\n\n<div class=\"wp-block-columns is-layout-flex wp-container-core-columns-is-layout-28f84493 wp-block-columns-is-layout-flex\">\n<div class=\"wp-block-column is-layout-flow wp-block-column-is-layout-flow\">\n<iframe style=\"margin-bottom:12px;\"\n  title=\"Starlight Princess Demo\"\n  width=\"100%\"\n  height=\"450\"\n  src=\"https:\/\/demogamesfree.pragmaticplay.net\/gs2c\/openGame.do?gameSymbol=vs20starlight&#038;websiteUrl=https%3A%2F%2Fdemogamesfree.pragmaticplay.net&#038;jurisdiction=99&#038;lobby_url=https%3A%2F%2Fwww.pragmaticplay.com%2Fen%2F&#038;lang=TR&#038;cur=TRY\">\n<\/iframe>\n<\/div>\n<\/div>\n\n\n<div class=\"wp-block-poka-button\">\n\t\t<a\n\t\t\thref=\"https:\/\/nourishedintheword.org\/en\/go\/princess\/\"\n\t\t\tclass=\"btn btn-primary btn-icon btn-icon-left btn--full\"\n\t\t\trel= \"nofollow\t\t\ttarget=\" _blank\t\t>\n\n\t\t\t\t\t\t\t\t\t\t\t\t<i class=\"icon poka-star\"><\/i>\n\t\t\t\t\t\t\t\n\t\t\t Play Now!\n\t\t\t\t\t<\/a>\n\n\t\t<\/div>\n\n\n<h2 class=\"wp-block-heading\">What is Demo Slot Starlight Princess?<\/h2>\n\n\n\n<p>Starlight Princess Slot Demo is a trial version of Starlight Princess available online. This demo provides an opportunity for players to try out the slot without depositing real money. It is designed to familiarize players with the mechanics, visuals and special features of the game so that they can get a clear idea of what the full version has to offer before making any financial commitments.<\/p>\n\n\n\n<h2 class=\"wp-block-heading\">Where to Play Starlight Princess Free Demo Slot?<\/h2>\n\n\n\n<p>You can try the Starlight Princess demo for free here! In addition, numerous online casino platforms offer the Demo mode for free. Players can explore popular gaming websites, search for licensed casinos that host the game or even visit the official site of the game developer. Always make sure you are playing on a reputable and safe site, especially if you decide to play for real money later on.<\/p>\n\n\n\n<figure class=\"wp-block-image aligncenter size-full\"><img decoding=\"async\" width=\"800\" height=\"450\" src=\"https:\/\/nourishedintheword.org\/wp-content\/uploads\/2023\/11\/sp-demo.jpg\" alt=\"Starlight Princess\" class=\"wp-image-69\" srcset=\"https:\/\/nourishedintheword.org\/wp-content\/uploads\/2023\/11\/sp-demo.jpg 800w, https:\/\/nourishedintheword.org\/wp-content\/uploads\/2023\/11\/sp-demo-300x169.jpg 300w, https:\/\/nourishedintheword.org\/wp-content\/uploads\/2023\/11\/sp-demo-768x432.jpg 768w, https:\/\/nourishedintheword.org\/wp-content\/uploads\/2023\/11\/sp-demo-110x62.jpg 110w, https:\/\/nourishedintheword.org\/wp-content\/uploads\/2023\/11\/sp-demo-575x323.jpg 575w\" sizes=\"(max-width: 800px) 100vw, 800px\" \/><\/figure>\n\n\n\n<h2 class=\"wp-block-heading\">How to play Starlight Princess Demo Online?<\/h2>\n\n\n\n<p>Here is a step-by-step guide to help you in your search for a free version in an online casino:<\/p>\n\n\n\n<ol class=\"wp-block-list\">\n<li>Choose a Trusted Online Casino: Start by choosing a reputed and secure online casino that offers the Starlight Princess free mode.<\/li>\n\n\n\n<li>Go to the Game Section: You can usually find the game under the 'slots' or 'demo games' category.<\/li>\n\n\n\n<li>Access Free Mode: Click on options like 'Play Demo' or 'Try for Free' to launch the slot without depositing real money.<\/li>\n\n\n\n<li>Explore the Game Interface: Before spinning the reels, review the rules, paytable and all bonus rounds to understand the gameplay.<\/li>\n\n\n\n<li>Start Your Adventure: Start your gaming session by immersing yourself in the anime beauty of the slot.<\/li>\n<\/ol>\n\n\n\n<p>With these steps, you'll be well on your way to experiencing the magic of the game without risking a single penny.<\/p>\n\n\n\n<h2 class=\"wp-block-heading\">Starlight Princess Free Game Demo App<\/h2>\n\n\n\n<p>Delving deeper into the free version of the slot provides a holistic experience that goes beyond pure gameplay. This hands-on interaction allows players to not only understand the technical aspects, but also to connect emotionally with the game's universe. Through this practice mode, players can:<\/p>\n\n\n\n<ul class=\"wp-block-list\">\n<li>Skill Development: Dive into the intricacies of the game, master various symbols, understand paylines and unlock the secrets of special features by playing Starlight Princess Demo.<\/li>\n\n\n\n<li>Strategic Exploration: In a space without monetary consequences, players have the freedom to test and refine various betting strategies and models, learning what works best for them.<\/li>\n\n\n\n<li>Sensory Pleasure: Embark on a journey that stimulates the senses. Free mode helps players appreciate the craftsmanship behind the scenes by providing a full-fledged experience of the game's breathtaking visuals, immersive sound scores and seamless animations.<\/li>\n\n\n\n<li>Build Confidence: By repeatedly interacting with the slot in its free form, players can gain the confidence needed to make the transition to real money play and ensure they are prepared for the risks ahead.<\/li>\n<\/ul>\n\n\n\n<p>In essence, Demo Starlight Princess serves as both an introduction and a training ground, ensuring that players are well equipped and thoroughly entertained.<\/p>\n\n\n<div class=\"wp-block-poka-button\">\n\t\t<a\n\t\t\thref=\"https:\/\/nourishedintheword.org\/en\/go\/princess\/\"\n\t\t\tclass=\"btn btn-primary btn-icon btn-icon-left btn--full\"\n\t\t\trel= \"nofollow\t\t\ttarget=\" _blank\t\t>\n\n\t\t\t\t\t\t\t\t\t\t\t\t<i class=\"icon poka-star\"><\/i>\n\t\t\t\t\t\t\t\n\t\t\t Play Now!\n\t\t\t\t\t<\/a>\n\n\t\t<\/div>\n\n\n<h2 class=\"wp-block-heading\">Pros and Cons of Starlight Princess Demo<\/h2>\n\n\n\n<p>Every gaming experience comes with a set of advantages and disadvantages. Starlight Princess Slot Demo is no exception. Here is a quick summary of the positives and negatives that players may encounter.<\/p>\n\n\n\n<p>Pros<\/p>\n\n\n\n<ul class=\"wp-block-list\">\n<li>No Financial Risk: Dive into the game without worrying about monetary losses.<\/li>\n\n\n\n<li>Familiarization: Provides a hands-on approach to understanding game mechanics and features before playing for real money.<\/li>\n\n\n\n<li>Self-paced Exploration: Players can explore the game at their leisure, free from any external pressure.<\/li>\n<\/ul>\n\n\n\n<p>Cons<\/p>\n\n\n\n<ul class=\"wp-block-list\">\n<li>No Monetary Prizes: The excitement of potential real wins is absent in free mode.<\/li>\n\n\n\n<li>Limited Features: The free version may occasionally exclude certain features or bonus rounds available in the full version.<\/li>\n<\/ul>\n\n\n\n<h2 class=\"wp-block-heading\">Conclusion<\/h2>\n\n\n\n<p>The Starlight Princess Demo Game offers potential players an insightful and risk-free introduction to the world of Starlight Princess slots. By familiarizing themselves with the mechanics, visuals and features of the game, players can make an informed decision on whether or not to play for real money. Testing the waters before diving in is always a wise move!<\/p>\n\n\n\n<h2 class=\"wp-block-heading\">SSS<\/h2>\n\n\n\n<div class=\"schema-faq wp-block-yoast-faq-block\"><div class=\"schema-faq-section\" id=\"faq-question-1698884755356\"><strong class=\"schema-faq-question\">Princess Starlight How similar is the demo to the real paid version?<\/strong> <p class=\"schema-faq-answer\">The free version is designed to mirror the real slot as closely as possible and offers players a real feel. However, while the mechanics and aesthetics are similar, the wins in free mode are virtual and certain bonus features or promotional links can be skipped.<\/p> <\/div> <div class=\"schema-faq-section\" id=\"faq-question-1698884779106\"><strong class=\"schema-faq-question\">Is registration mandatory to access the Starlight Princess Demo?<\/strong> <p class=\"schema-faq-answer\">While many online platforms allow players to dive into demos without any registration, there are also a few platforms that may ask for a basic registration. Always make sure to use a reputable site and remember that they should not ask for payment details for a free mod.<\/p> <\/div> <div class=\"schema-faq-section\" id=\"faq-question-1698884788744\"><strong class=\"schema-faq-question\">Can I play the Starlight Princess demo on my mobile device?<\/strong> <p class=\"schema-faq-answer\">Absolutely! The game is designed to be mobile-friendly. Whether you're using a smartphone or tablet, the slot adjusts to fit your screen and provides an immersive experience on the go.<\/p> <\/div> <div class=\"schema-faq-section\" id=\"faq-question-1698884800348\"><strong class=\"schema-faq-question\">Are there any limitations on game rounds or duration in the free version?<\/strong> <p class=\"schema-faq-answer\">Typically, the free version is unlimited in terms of rounds or duration. It is designed for players to practice and familiarize themselves.<\/p> <\/div> <div class=\"schema-faq-section\" id=\"faq-question-1698884810900\"><strong class=\"schema-faq-question\">Will playing the demo increase my chances of winning in the real version?<\/strong> <p class=\"schema-faq-answer\">While the demo offers valuable insight into the game mechanics and can boost your confidence, the outcomes in the slots are determined by Random Number Generators (RNGs). Therefore, while you can strategize better, there is no guarantee of success in the real money version.<\/p> <\/div> <\/div>","protected":false},"excerpt":{"rendered":"<p>Starlight Princess Slot Demo Starlight Princess captures the imagination with vibrant East Asian visuals and seamlessly blends anime charm with online gaming excitement. The main character, the charismatic anime-inspired princess, presides over reels that sparkle with glittering jewels and celestial symbols. As players embark on this journey, there is a growing curiosity about its dynamics, bonuses and gameplay nuances. Starlight Princess [...]<\/p>","protected":false},"author":1,"featured_media":0,"parent":0,"menu_order":0,"comment_status":"closed","ping_status":"closed","template":"","meta":{"footnotes":""},"class_list":["post-61","page","type-page","status-publish","hentry"],"yoast_head":"<!-- This site is optimized with the Yoast SEO plugin v21.7 - https:\/\/yoast.com\/wordpress\/plugins\/seo\/ -->\n<title>Starlight Princess Demo - \u00dccretsiz Oyna<\/title>\n<meta name=\"description\" content=\"Hi\u00e7 para harcamadan Starlight Princess oynaman\u0131n heyecan\u0131n\u0131 ya\u015famak ister misiniz? O zaman neden Starlight Princess Demo&#039;yu denemiyorsunuz?\" \/>\n<meta name=\"robots\" content=\"index, follow, max-snippet:-1, max-image-preview:large, max-video-preview:-1\" \/>\n<link rel=\"canonical\" href=\"https:\/\/nourishedintheword.org\/en\/starlight-princess-slot-demo\/\" \/>\n<meta property=\"og:locale\" content=\"en_US\" \/>\n<meta property=\"og:type\" content=\"article\" \/>\n<meta property=\"og:title\" content=\"Starlight Princess Demo - \u00dccretsiz Oyna\" \/>\n<meta property=\"og:description\" content=\"Hi\u00e7 para harcamadan Starlight Princess oynaman\u0131n heyecan\u0131n\u0131 ya\u015famak ister misiniz? O zaman neden Starlight Princess Demo&#039;yu denemiyorsunuz?\" \/>\n<meta property=\"og:url\" content=\"https:\/\/nourishedintheword.org\/en\/starlight-princess-slot-demo\/\" \/>\n<meta property=\"og:site_name\" content=\"Starlight Princess Oyna \u0130ncelemesi\" \/>\n<meta property=\"article:modified_time\" content=\"2023-11-02T00:36:33+00:00\" \/>\n<meta property=\"og:image\" content=\"https:\/\/nourishedintheword.org\/wp-content\/uploads\/2023\/11\/sp-demo.jpg\" \/>\n<meta name=\"twitter:card\" content=\"summary_large_image\" \/>\n<meta name=\"twitter:label1\" content=\"Est. reading time\" \/>\n\t<meta name=\"twitter:data1\" content=\"4 minutes\" \/>\n<script type=\"application\/ld+json\" class=\"yoast-schema-graph\">{\"@context\":\"https:\/\/schema.org\",\"@graph\":[{\"@type\":[\"WebPage\",\"FAQPage\"],\"@id\":\"https:\/\/nourishedintheword.org\/starlight-princess-slot-demo\/\",\"url\":\"https:\/\/nourishedintheword.org\/starlight-princess-slot-demo\/\",\"name\":\"Starlight Princess Demo - \u00dccretsiz Oyna\",\"isPartOf\":{\"@id\":\"https:\/\/nourishedintheword.org\/#website\"},\"datePublished\":\"2023-11-02T00:28:20+00:00\",\"dateModified\":\"2023-11-02T00:36:33+00:00\",\"description\":\"Hi\u00e7 para harcamadan Starlight Princess oynaman\u0131n heyecan\u0131n\u0131 ya\u015famak ister misiniz? O zaman neden Starlight Princess Demo'yu denemiyorsunuz?\",\"breadcrumb\":{\"@id\":\"https:\/\/nourishedintheword.org\/starlight-princess-slot-demo\/#breadcrumb\"},\"mainEntity\":[{\"@id\":\"https:\/\/nourishedintheword.org\/starlight-princess-slot-demo\/#faq-question-1698884755356\"},{\"@id\":\"https:\/\/nourishedintheword.org\/starlight-princess-slot-demo\/#faq-question-1698884779106\"},{\"@id\":\"https:\/\/nourishedintheword.org\/starlight-princess-slot-demo\/#faq-question-1698884788744\"},{\"@id\":\"https:\/\/nourishedintheword.org\/starlight-princess-slot-demo\/#faq-question-1698884800348\"},{\"@id\":\"https:\/\/nourishedintheword.org\/starlight-princess-slot-demo\/#faq-question-1698884810900\"}],\"inLanguage\":\"tr\",\"potentialAction\":[{\"@type\":\"ReadAction\",\"target\":[\"https:\/\/nourishedintheword.org\/starlight-princess-slot-demo\/\"]}]},{\"@type\":\"BreadcrumbList\",\"@id\":\"https:\/\/nourishedintheword.org\/starlight-princess-slot-demo\/#breadcrumb\",\"itemListElement\":[{\"@type\":\"ListItem\",\"position\":1,\"name\":\"Home\",\"item\":\"https:\/\/nourishedintheword.org\/\"},{\"@type\":\"ListItem\",\"position\":2,\"name\":\"Starlight Princess Slot Demo\"}]},{\"@type\":\"WebSite\",\"@id\":\"https:\/\/nourishedintheword.org\/#website\",\"url\":\"https:\/\/nourishedintheword.org\/\",\"name\":\"Starlight Princess Oyna \u0130ncelemesi\",\"description\":\"\",\"publisher\":{\"@id\":\"https:\/\/nourishedintheword.org\/#organization\"},\"potentialAction\":[{\"@type\":\"SearchAction\",\"target\":{\"@type\":\"EntryPoint\",\"urlTemplate\":\"https:\/\/nourishedintheword.org\/?s={search_term_string}\"},\"query-input\":\"required name=search_term_string\"}],\"inLanguage\":\"tr\"},{\"@type\":\"Organization\",\"@id\":\"https:\/\/nourishedintheword.org\/#organization\",\"name\":\"Starlight Princess Oyna \u0130ncelemesi\",\"url\":\"https:\/\/nourishedintheword.org\/\",\"logo\":{\"inLanguage\":\"tr\"},\"image\":{\"@id\":\"https:\/\/nourishedintheword.org\/#\/schema\/logo\/image\/\"}},{\"@type\":\"Question\",\"@id\":\"https:\/\/nourishedintheword.org\/starlight-princess-slot-demo\/#faq-question-1698884755356\",\"position\":1,\"url\":\"https:\/\/nourishedintheword.org\/starlight-princess-slot-demo\/#faq-question-1698884755356\",\"name\":\"Princess Starlight Demo ger\u00e7ek paral\u0131 versiyona ne kadar benziyor?\",\"answerCount\":1,\"acceptedAnswer\":{\"@type\":\"Answer\",\"text\":\"\u00dccretsiz s\u00fcr\u00fcm, ger\u00e7ek slotu olabildi\u011fince yak\u0131ndan yans\u0131tacak \u015fekilde tasarlanm\u0131\u015ft\u0131r ve oyunculara ger\u00e7ek bir his sunar. Bununla birlikte, mekanikler ve estetik benzer olsa da, \u00fccretsiz moddaki kazan\u00e7lar sanald\u0131r ve belirli bonus \u00f6zellikleri veya promosyon ba\u011flant\u0131lar\u0131 atlanabilir.\",\"inLanguage\":\"en-US\"},\"inLanguage\":\"en-US\"},{\"@type\":\"Question\",\"@id\":\"https:\/\/nourishedintheword.org\/starlight-princess-slot-demo\/#faq-question-1698884779106\",\"position\":2,\"url\":\"https:\/\/nourishedintheword.org\/starlight-princess-slot-demo\/#faq-question-1698884779106\",\"name\":\"Starlight Princess Demosuna eri\u015fmek i\u00e7in kaydolmak zorunlu mu?\",\"answerCount\":1,\"acceptedAnswer\":{\"@type\":\"Answer\",\"text\":\"Bir\u00e7ok \u00e7evrimi\u00e7i platform, oyuncular\u0131n herhangi bir kay\u0131t olmadan demolara dalmas\u0131na izin verirken, temel bir kay\u0131t isteyebilecek birka\u00e7 platform da vard\u0131r. Her zaman sayg\u0131n bir site kulland\u0131\u011f\u0131n\u0131zdan emin olun ve \u00fccretsiz bir mod i\u00e7in \u00f6deme ayr\u0131nt\u0131lar\u0131n\u0131 istememeleri gerekti\u011fini unutmay\u0131n.\",\"inLanguage\":\"en-US\"},\"inLanguage\":\"en-US\"},{\"@type\":\"Question\",\"@id\":\"https:\/\/nourishedintheword.org\/starlight-princess-slot-demo\/#faq-question-1698884788744\",\"position\":3,\"url\":\"https:\/\/nourishedintheword.org\/starlight-princess-slot-demo\/#faq-question-1698884788744\",\"name\":\"Starlight Princess demosunu mobil cihaz\u0131mda oynayabilir miyim?\",\"answerCount\":1,\"acceptedAnswer\":{\"@type\":\"Answer\",\"text\":\"Kesinlikle! Oyun mobil uyumlu olacak \u015fekilde haz\u0131rlanm\u0131\u015ft\u0131r. \u0130ster ak\u0131ll\u0131 telefon ister tablet kullan\u0131yor olun, slot ekran\u0131n\u0131za uyacak \u015fekilde ayarlan\u0131r ve hareket halindeyken s\u00fcr\u00fckleyici bir deneyim sa\u011flar.\",\"inLanguage\":\"en-US\"},\"inLanguage\":\"en-US\"},{\"@type\":\"Question\",\"@id\":\"https:\/\/nourishedintheword.org\/starlight-princess-slot-demo\/#faq-question-1698884800348\",\"position\":4,\"url\":\"https:\/\/nourishedintheword.org\/starlight-princess-slot-demo\/#faq-question-1698884800348\",\"name\":\"\u00dccretsiz s\u00fcr\u00fcmde oyun turlar\u0131 veya s\u00fcreyle ilgili herhangi bir s\u0131n\u0131rlama var m\u0131?\",\"answerCount\":1,\"acceptedAnswer\":{\"@type\":\"Answer\",\"text\":\"Tipik olarak, \u00fccretsiz s\u00fcr\u00fcm turlar veya s\u00fcre a\u00e7\u0131s\u0131ndan s\u0131n\u0131rs\u0131zd\u0131r. Oyuncular\u0131n pratik yapmalar\u0131 ve kendilerini tan\u0131malar\u0131 i\u00e7in tasarlanm\u0131\u015ft\u0131r.\",\"inLanguage\":\"en-US\"},\"inLanguage\":\"en-US\"},{\"@type\":\"Question\",\"@id\":\"https:\/\/nourishedintheword.org\/starlight-princess-slot-demo\/#faq-question-1698884810900\",\"position\":5,\"url\":\"https:\/\/nourishedintheword.org\/starlight-princess-slot-demo\/#faq-question-1698884810900\",\"name\":\"Demoyu oynamak ger\u00e7ek versiyonda kazanma \u015fans\u0131m\u0131 art\u0131r\u0131r m\u0131?\",\"answerCount\":1,\"acceptedAnswer\":{\"@type\":\"Answer\",\"text\":\"Demo, oyun mekani\u011fi hakk\u0131nda de\u011ferli bilgiler sunarken ve kendinize olan g\u00fcveninizi art\u0131rabilirken, slotlardaki sonu\u00e7lar Rastgele Say\u0131 \u00dcreticileri (RNG'ler) taraf\u0131ndan belirlenir. Bu nedenle, daha iyi strateji olu\u015fturabilseniz de, ger\u00e7ek para s\u00fcr\u00fcm\u00fcnde ba\u015far\u0131 garantisi yoktur.\",\"inLanguage\":\"en-US\"},\"inLanguage\":\"en-US\"}]}<\/script>\n<!-- \/ Yoast SEO plugin. -->","yoast_head_json":{"title":"Starlight Princess Demo - \u00dccretsiz Oyna","description":"Hi\u00e7 para harcamadan Starlight Princess oynaman\u0131n heyecan\u0131n\u0131 ya\u015famak ister misiniz? O zaman neden Starlight Princess Demo'yu denemiyorsunuz?","robots":{"index":"index","follow":"follow","max-snippet":"max-snippet:-1","max-image-preview":"max-image-preview:large","max-video-preview":"max-video-preview:-1"},"canonical":"https:\/\/nourishedintheword.org\/en\/starlight-princess-slot-demo\/","og_locale":"en_US","og_type":"article","og_title":"Starlight Princess Demo - \u00dccretsiz Oyna","og_description":"Hi\u00e7 para harcamadan Starlight Princess oynaman\u0131n heyecan\u0131n\u0131 ya\u015famak ister misiniz? O zaman neden Starlight Princess Demo'yu denemiyorsunuz?","og_url":"https:\/\/nourishedintheword.org\/en\/starlight-princess-slot-demo\/","og_site_name":"Starlight Princess Oyna \u0130ncelemesi","article_modified_time":"2023-11-02T00:36:33+00:00","og_image":[{"url":"https:\/\/nourishedintheword.org\/wp-content\/uploads\/2023\/11\/sp-demo.jpg"}],"twitter_card":"summary_large_image","twitter_misc":{"Est. reading time":"4 minutes"},"schema":{"@context":"https:\/\/schema.org","@graph":[{"@type":["WebPage","FAQPage"],"@id":"https:\/\/nourishedintheword.org\/starlight-princess-slot-demo\/","url":"https:\/\/nourishedintheword.org\/starlight-princess-slot-demo\/","name":"Starlight Princess Demo - \u00dccretsiz Oyna","isPartOf":{"@id":"https:\/\/nourishedintheword.org\/#website"},"datePublished":"2023-11-02T00:28:20+00:00","dateModified":"2023-11-02T00:36:33+00:00","description":"Hi\u00e7 para harcamadan Starlight Princess oynaman\u0131n heyecan\u0131n\u0131 ya\u015famak ister misiniz? O zaman neden Starlight Princess Demo'yu denemiyorsunuz?","breadcrumb":{"@id":"https:\/\/nourishedintheword.org\/starlight-princess-slot-demo\/#breadcrumb"},"mainEntity":[{"@id":"https:\/\/nourishedintheword.org\/starlight-princess-slot-demo\/#faq-question-1698884755356"},{"@id":"https:\/\/nourishedintheword.org\/starlight-princess-slot-demo\/#faq-question-1698884779106"},{"@id":"https:\/\/nourishedintheword.org\/starlight-princess-slot-demo\/#faq-question-1698884788744"},{"@id":"https:\/\/nourishedintheword.org\/starlight-princess-slot-demo\/#faq-question-1698884800348"},{"@id":"https:\/\/nourishedintheword.org\/starlight-princess-slot-demo\/#faq-question-1698884810900"}],"inLanguage":"tr","potentialAction":[{"@type":"ReadAction","target":["https:\/\/nourishedintheword.org\/starlight-princess-slot-demo\/"]}]},{"@type":"BreadcrumbList","@id":"https:\/\/nourishedintheword.org\/starlight-princess-slot-demo\/#breadcrumb","itemListElement":[{"@type":"ListItem","position":1,"name":"Home","item":"https:\/\/nourishedintheword.org\/"},{"@type":"ListItem","position":2,"name":"Starlight Princess Slot Demo"}]},{"@type":"WebSite","@id":"https:\/\/nourishedintheword.org\/#website","url":"https:\/\/nourishedintheword.org\/","name":"Starlight Princess Oyna \u0130ncelemesi","description":"","publisher":{"@id":"https:\/\/nourishedintheword.org\/#organization"},"potentialAction":[{"@type":"SearchAction","target":{"@type":"EntryPoint","urlTemplate":"https:\/\/nourishedintheword.org\/?s={search_term_string}"},"query-input":"required name=search_term_string"}],"inLanguage":"tr"},{"@type":"Organization","@id":"https:\/\/nourishedintheword.org\/#organization","name":"Starlight Princess Oyna \u0130ncelemesi","url":"https:\/\/nourishedintheword.org\/","logo":{"inLanguage":"tr"},"image":{"@id":"https:\/\/nourishedintheword.org\/#\/schema\/logo\/image\/"}},{"@type":"Question","@id":"https:\/\/nourishedintheword.org\/starlight-princess-slot-demo\/#faq-question-1698884755356","position":1,"url":"https:\/\/nourishedintheword.org\/starlight-princess-slot-demo\/#faq-question-1698884755356","name":"Princess Starlight Demo ger\u00e7ek paral\u0131 versiyona ne kadar benziyor?","answerCount":1,"acceptedAnswer":{"@type":"Answer","text":"\u00dccretsiz s\u00fcr\u00fcm, ger\u00e7ek slotu olabildi\u011fince yak\u0131ndan yans\u0131tacak \u015fekilde tasarlanm\u0131\u015ft\u0131r ve oyunculara ger\u00e7ek bir his sunar. Bununla birlikte, mekanikler ve estetik benzer olsa da, \u00fccretsiz moddaki kazan\u00e7lar sanald\u0131r ve belirli bonus \u00f6zellikleri veya promosyon ba\u011flant\u0131lar\u0131 atlanabilir.","inLanguage":"en-US"},"inLanguage":"en-US"},{"@type":"Question","@id":"https:\/\/nourishedintheword.org\/starlight-princess-slot-demo\/#faq-question-1698884779106","position":2,"url":"https:\/\/nourishedintheword.org\/starlight-princess-slot-demo\/#faq-question-1698884779106","name":"Starlight Princess Demosuna eri\u015fmek i\u00e7in kaydolmak zorunlu mu?","answerCount":1,"acceptedAnswer":{"@type":"Answer","text":"Bir\u00e7ok \u00e7evrimi\u00e7i platform, oyuncular\u0131n herhangi bir kay\u0131t olmadan demolara dalmas\u0131na izin verirken, temel bir kay\u0131t isteyebilecek birka\u00e7 platform da vard\u0131r. Her zaman sayg\u0131n bir site kulland\u0131\u011f\u0131n\u0131zdan emin olun ve \u00fccretsiz bir mod i\u00e7in \u00f6deme ayr\u0131nt\u0131lar\u0131n\u0131 istememeleri gerekti\u011fini unutmay\u0131n.","inLanguage":"en-US"},"inLanguage":"en-US"},{"@type":"Question","@id":"https:\/\/nourishedintheword.org\/starlight-princess-slot-demo\/#faq-question-1698884788744","position":3,"url":"https:\/\/nourishedintheword.org\/starlight-princess-slot-demo\/#faq-question-1698884788744","name":"Starlight Princess demosunu mobil cihaz\u0131mda oynayabilir miyim?","answerCount":1,"acceptedAnswer":{"@type":"Answer","text":"Kesinlikle! Oyun mobil uyumlu olacak \u015fekilde haz\u0131rlanm\u0131\u015ft\u0131r. \u0130ster ak\u0131ll\u0131 telefon ister tablet kullan\u0131yor olun, slot ekran\u0131n\u0131za uyacak \u015fekilde ayarlan\u0131r ve hareket halindeyken s\u00fcr\u00fckleyici bir deneyim sa\u011flar.","inLanguage":"en-US"},"inLanguage":"en-US"},{"@type":"Question","@id":"https:\/\/nourishedintheword.org\/starlight-princess-slot-demo\/#faq-question-1698884800348","position":4,"url":"https:\/\/nourishedintheword.org\/starlight-princess-slot-demo\/#faq-question-1698884800348","name":"\u00dccretsiz s\u00fcr\u00fcmde oyun turlar\u0131 veya s\u00fcreyle ilgili herhangi bir s\u0131n\u0131rlama var m\u0131?","answerCount":1,"acceptedAnswer":{"@type":"Answer","text":"Tipik olarak, \u00fccretsiz s\u00fcr\u00fcm turlar veya s\u00fcre a\u00e7\u0131s\u0131ndan s\u0131n\u0131rs\u0131zd\u0131r. Oyuncular\u0131n pratik yapmalar\u0131 ve kendilerini tan\u0131malar\u0131 i\u00e7in tasarlanm\u0131\u015ft\u0131r.","inLanguage":"en-US"},"inLanguage":"en-US"},{"@type":"Question","@id":"https:\/\/nourishedintheword.org\/starlight-princess-slot-demo\/#faq-question-1698884810900","position":5,"url":"https:\/\/nourishedintheword.org\/starlight-princess-slot-demo\/#faq-question-1698884810900","name":"Demoyu oynamak ger\u00e7ek versiyonda kazanma \u015fans\u0131m\u0131 art\u0131r\u0131r m\u0131?","answerCount":1,"acceptedAnswer":{"@type":"Answer","text":"Demo, oyun mekani\u011fi hakk\u0131nda de\u011ferli bilgiler sunarken ve kendinize olan g\u00fcveninizi art\u0131rabilirken, slotlardaki sonu\u00e7lar Rastgele Say\u0131 \u00dcreticileri (RNG'ler) taraf\u0131ndan belirlenir. Bu nedenle, daha iyi strateji olu\u015fturabilseniz de, ger\u00e7ek para s\u00fcr\u00fcm\u00fcnde ba\u015far\u0131 garantisi yoktur.","inLanguage":"en-US"},"inLanguage":"en-US"}]}},"_links":{"self":[{"href":"https:\/\/nourishedintheword.org\/en\/wp-json\/wp\/v2\/pages\/61","targetHints":{"allow":["GET"]}}],"collection":[{"href":"https:\/\/nourishedintheword.org\/en\/wp-json\/wp\/v2\/pages"}],"about":[{"href":"https:\/\/nourishedintheword.org\/en\/wp-json\/wp\/v2\/types\/page"}],"author":[{"embeddable":true,"href":"https:\/\/nourishedintheword.org\/en\/wp-json\/wp\/v2\/users\/1"}],"replies":[{"embeddable":true,"href":"https:\/\/nourishedintheword.org\/en\/wp-json\/wp\/v2\/comments?post=61"}],"version-history":[{"count":5,"href":"https:\/\/nourishedintheword.org\/en\/wp-json\/wp\/v2\/pages\/61\/revisions"}],"predecessor-version":[{"id":70,"href":"https:\/\/nourishedintheword.org\/en\/wp-json\/wp\/v2\/pages\/61\/revisions\/70"}],"wp:attachment":[{"href":"https:\/\/nourishedintheword.org\/en\/wp-json\/wp\/v2\/media?parent=61"}],"curies":[{"name":"wp","href":"https:\/\/api.w.org\/{rel}","templated":true}]}}