{"id":56,"date":"2023-11-02T00:23:21","date_gmt":"2023-11-02T00:23:21","guid":{"rendered":"https:\/\/nourishedintheword.org\/?page_id=56"},"modified":"2023-11-02T00:36:53","modified_gmt":"2023-11-02T00:36:53","slug":"hakkimizda","status":"publish","type":"page","link":"https:\/\/nourishedintheword.org\/id\/tentang-kami\/","title":{"rendered":"Tentang Kami"},"content":{"rendered":"<h1 class=\"wp-block-heading\">Tentang Kami<\/h1>\n\n\n\n<p>Selamat datang di nourishedintheword.org, sumber tepercaya Anda untuk konten edukatif dan informatif yang mendalam tentang kasino online dan dunia perjudian yang dinamis. Komitmen kami adalah memberi Anda wawasan dan analisis yang tidak memihak berdasarkan keahlian dan penelitian yang ekstensif.<\/p>\n\n\n\n<figure class=\"wp-block-image aligncenter size-full\"><img decoding=\"async\" width=\"800\" height=\"254\" src=\"https:\/\/nourishedintheword.org\/wp-content\/uploads\/2023\/11\/hakkimizda.jpg\" alt=\"Tentang Kami\" class=\"wp-image-57\" srcset=\"https:\/\/nourishedintheword.org\/wp-content\/uploads\/2023\/11\/hakkimizda.jpg 800w, https:\/\/nourishedintheword.org\/wp-content\/uploads\/2023\/11\/hakkimizda-300x95.jpg 300w, https:\/\/nourishedintheword.org\/wp-content\/uploads\/2023\/11\/hakkimizda-768x244.jpg 768w, https:\/\/nourishedintheword.org\/wp-content\/uploads\/2023\/11\/hakkimizda-110x35.jpg 110w, https:\/\/nourishedintheword.org\/wp-content\/uploads\/2023\/11\/hakkimizda-575x183.jpg 575w\" sizes=\"(max-width: 800px) 100vw, 800px\" \/><\/figure>\n\n\n\n<h2 class=\"wp-block-heading\">Misi Kami<\/h2>\n\n\n\n<p>Inti dari nourishedintheword.org adalah untuk memastikan bahwa pengunjung kami mendapatkan informasi yang cukup. Platform kami dirancang untuk memandu dan mencerahkan Anda dengan konten yang kaya dan komprehensif, baik Anda seorang pemain berpengalaman atau pendatang baru yang penasaran.<\/p>\n\n\n\n<h2 class=\"wp-block-heading\">Penafian Penting<\/h2>\n\n\n\n<p>Sangat penting bagi semua pengunjung kami untuk memahami bahwa nourishedintheword.org beroperasi secara independen. Kami tidak memiliki hubungan langsung atau kemitraan dengan kasino atau situs perjudian yang disorot di platform kami. Ketika kami menyediakan tautan ke situs-situs ini, ini hanya untuk tujuan informasi. Mengklik salah satu tautan ini akan mengarahkan Anda ke situs web eksternal yang berbeda.<\/p>\n\n\n\n<h2 class=\"wp-block-heading\">Kompatibilitas Lokal<\/h2>\n\n\n\n<p>Setiap yurisdiksi memiliki hukum dan peraturannya sendiri mengenai perjudian online. Kami sangat menyarankan semua pengunjung kami untuk mengetahui hukum di yurisdiksi mereka. Sebelum memasuki kasino mana pun atau berpartisipasi dalam aktivitas perjudian, pastikan Anda sepenuhnya mematuhi hukum setempat, terutama persyaratan usia legal. Ini bukan hanya tentang bermain; ini tentang bermain secara bertanggung jawab dan legal.<\/p>\n\n\n\n<h2 class=\"wp-block-heading\">Panduan Pendidikan Anda<\/h2>\n\n\n\n<p>Meskipun daya tarik perjudian online tidak dapat dipungkiri, sangat penting untuk mendekatinya dengan pengetahuan dan kesadaran. Di sinilah nourishedintheword.org hadir. Platform kami dirancang untuk memberi Anda informasi yang Anda butuhkan untuk menavigasi lanskap perjudian online yang kompleks dengan percaya diri.<\/p>\n\n\n\n<h2 class=\"wp-block-heading\">Kepercayaan Anda adalah Prioritas Kami<\/h2>\n\n\n\n<p>Kami menyadari pentingnya kepercayaan. Anda dapat yakin bahwa konten yang kami sediakan telah dipersiapkan dengan cermat dengan mempertimbangkan kepentingan terbaik Anda. Namun, kami selalu mendorong pembaca kami untuk menggunakan akal sehat dan melakukan uji tuntas ketika menjelajahi tautan eksternal atau membuat keputusan berdasarkan informasi yang diberikan.<\/p>\n\n\n\n<p>Terima kasih telah memilih nourishedintheword.org sebagai sumber referensi Anda. Perjalanan Anda ke dunia perjudian online lebih aman dan lebih terinformasi dengan kami di sisi Anda.<\/p>","protected":false},"excerpt":{"rendered":"<p>Tentang Kami Selamat datang di nourishedintheword.org, sumber tepercaya Anda untuk konten edukasi dan informatif yang mendalam tentang kasino online dan dunia perjudian yang dinamis. Komitmen kami adalah memberi Anda wawasan dan analisis yang tidak memihak berdasarkan keahlian dan penelitian yang ekstensif. Inti dari nourishedintheword.org adalah misi kami untuk memberikan informasi yang tepat kepada para pengunjung. Platform kami dikemas dengan konten yang kaya dan komprehensif, baik Anda seorang pemain berpengalaman atau pendatang baru yang ingin tahu [...]<\/p>","protected":false},"author":1,"featured_media":0,"parent":0,"menu_order":0,"comment_status":"closed","ping_status":"closed","template":"","meta":{"footnotes":""},"class_list":["post-56","page","type-page","status-publish","hentry"],"yoast_head":"<!-- This site is optimized with the Yoast SEO plugin v21.7 - https:\/\/yoast.com\/wordpress\/plugins\/seo\/ -->\n<title>Hakk\u0131m\u0131zda - Starlight Princess Oyna \u0130ncelemesi<\/title>\n<meta name=\"description\" content=\"Our website is dedicated to providing comprehensive and detailed reviews, as well as valuable information, to help users make informed decisions.\" \/>\n<meta name=\"robots\" content=\"index, follow, max-snippet:-1, max-image-preview:large, max-video-preview:-1\" \/>\n<link rel=\"canonical\" href=\"https:\/\/nourishedintheword.org\/id\/tentang-kami\/\" \/>\n<meta property=\"og:locale\" content=\"id_ID\" \/>\n<meta property=\"og:type\" content=\"article\" \/>\n<meta property=\"og:title\" content=\"Hakk\u0131m\u0131zda - Starlight Princess Oyna \u0130ncelemesi\" \/>\n<meta property=\"og:description\" content=\"Our website is dedicated to providing comprehensive and detailed reviews, as well as valuable information, to help users make informed decisions.\" \/>\n<meta property=\"og:url\" content=\"https:\/\/nourishedintheword.org\/id\/tentang-kami\/\" \/>\n<meta property=\"og:site_name\" content=\"Starlight Princess Oyna \u0130ncelemesi\" \/>\n<meta property=\"article:modified_time\" content=\"2023-11-02T00:36:53+00:00\" \/>\n<meta property=\"og:image\" content=\"https:\/\/nourishedintheword.org\/wp-content\/uploads\/2023\/11\/hakkimizda.jpg\" \/>\n<meta name=\"twitter:card\" content=\"summary_large_image\" \/>\n<meta name=\"twitter:label1\" content=\"Estimasi waktu membaca\" \/>\n\t<meta name=\"twitter:data1\" content=\"2 menit\" \/>\n<script type=\"application\/ld+json\" class=\"yoast-schema-graph\">{\"@context\":\"https:\/\/schema.org\",\"@graph\":[{\"@type\":\"WebPage\",\"@id\":\"https:\/\/nourishedintheword.org\/hakkimizda\/\",\"url\":\"https:\/\/nourishedintheword.org\/hakkimizda\/\",\"name\":\"Hakk\u0131m\u0131zda - Starlight Princess Oyna \u0130ncelemesi\",\"isPartOf\":{\"@id\":\"https:\/\/nourishedintheword.org\/#website\"},\"datePublished\":\"2023-11-02T00:23:21+00:00\",\"dateModified\":\"2023-11-02T00:36:53+00:00\",\"description\":\"Our website is dedicated to providing comprehensive and detailed reviews, as well as valuable information, to help users make informed decisions.\",\"breadcrumb\":{\"@id\":\"https:\/\/nourishedintheword.org\/hakkimizda\/#breadcrumb\"},\"inLanguage\":\"tr\",\"potentialAction\":[{\"@type\":\"ReadAction\",\"target\":[\"https:\/\/nourishedintheword.org\/hakkimizda\/\"]}]},{\"@type\":\"BreadcrumbList\",\"@id\":\"https:\/\/nourishedintheword.org\/hakkimizda\/#breadcrumb\",\"itemListElement\":[{\"@type\":\"ListItem\",\"position\":1,\"name\":\"Home\",\"item\":\"https:\/\/nourishedintheword.org\/\"},{\"@type\":\"ListItem\",\"position\":2,\"name\":\"Hakk\u0131m\u0131zda\"}]},{\"@type\":\"WebSite\",\"@id\":\"https:\/\/nourishedintheword.org\/#website\",\"url\":\"https:\/\/nourishedintheword.org\/\",\"name\":\"Starlight Princess Oyna \u0130ncelemesi\",\"description\":\"\",\"publisher\":{\"@id\":\"https:\/\/nourishedintheword.org\/#organization\"},\"potentialAction\":[{\"@type\":\"SearchAction\",\"target\":{\"@type\":\"EntryPoint\",\"urlTemplate\":\"https:\/\/nourishedintheword.org\/?s={search_term_string}\"},\"query-input\":\"required name=search_term_string\"}],\"inLanguage\":\"tr\"},{\"@type\":\"Organization\",\"@id\":\"https:\/\/nourishedintheword.org\/#organization\",\"name\":\"Starlight Princess Oyna \u0130ncelemesi\",\"url\":\"https:\/\/nourishedintheword.org\/\",\"logo\":{\"inLanguage\":\"tr\"},\"image\":{\"@id\":\"https:\/\/nourishedintheword.org\/#\/schema\/logo\/image\/\"}}]}<\/script>\n<!-- \/ Yoast SEO plugin. -->","yoast_head_json":{"title":"Hakk\u0131m\u0131zda - Starlight Princess Oyna \u0130ncelemesi","description":"Our website is dedicated to providing comprehensive and detailed reviews, as well as valuable information, to help users make informed decisions.","robots":{"index":"index","follow":"follow","max-snippet":"max-snippet:-1","max-image-preview":"max-image-preview:large","max-video-preview":"max-video-preview:-1"},"canonical":"https:\/\/nourishedintheword.org\/id\/tentang-kami\/","og_locale":"id_ID","og_type":"article","og_title":"Hakk\u0131m\u0131zda - Starlight Princess Oyna \u0130ncelemesi","og_description":"Our website is dedicated to providing comprehensive and detailed reviews, as well as valuable information, to help users make informed decisions.","og_url":"https:\/\/nourishedintheword.org\/id\/tentang-kami\/","og_site_name":"Starlight Princess Oyna \u0130ncelemesi","article_modified_time":"2023-11-02T00:36:53+00:00","og_image":[{"url":"https:\/\/nourishedintheword.org\/wp-content\/uploads\/2023\/11\/hakkimizda.jpg"}],"twitter_card":"summary_large_image","twitter_misc":{"Estimasi waktu membaca":"2 menit"},"schema":{"@context":"https:\/\/schema.org","@graph":[{"@type":"WebPage","@id":"https:\/\/nourishedintheword.org\/hakkimizda\/","url":"https:\/\/nourishedintheword.org\/hakkimizda\/","name":"Hakk\u0131m\u0131zda - Starlight Princess Oyna \u0130ncelemesi","isPartOf":{"@id":"https:\/\/nourishedintheword.org\/#website"},"datePublished":"2023-11-02T00:23:21+00:00","dateModified":"2023-11-02T00:36:53+00:00","description":"Our website is dedicated to providing comprehensive and detailed reviews, as well as valuable information, to help users make informed decisions.","breadcrumb":{"@id":"https:\/\/nourishedintheword.org\/hakkimizda\/#breadcrumb"},"inLanguage":"tr","potentialAction":[{"@type":"ReadAction","target":["https:\/\/nourishedintheword.org\/hakkimizda\/"]}]},{"@type":"BreadcrumbList","@id":"https:\/\/nourishedintheword.org\/hakkimizda\/#breadcrumb","itemListElement":[{"@type":"ListItem","position":1,"name":"Home","item":"https:\/\/nourishedintheword.org\/"},{"@type":"ListItem","position":2,"name":"Hakk\u0131m\u0131zda"}]},{"@type":"WebSite","@id":"https:\/\/nourishedintheword.org\/#website","url":"https:\/\/nourishedintheword.org\/","name":"Starlight Princess Oyna \u0130ncelemesi","description":"","publisher":{"@id":"https:\/\/nourishedintheword.org\/#organization"},"potentialAction":[{"@type":"SearchAction","target":{"@type":"EntryPoint","urlTemplate":"https:\/\/nourishedintheword.org\/?s={search_term_string}"},"query-input":"required name=search_term_string"}],"inLanguage":"tr"},{"@type":"Organization","@id":"https:\/\/nourishedintheword.org\/#organization","name":"Starlight Princess Oyna \u0130ncelemesi","url":"https:\/\/nourishedintheword.org\/","logo":{"inLanguage":"tr"},"image":{"@id":"https:\/\/nourishedintheword.org\/#\/schema\/logo\/image\/"}}]}},"_links":{"self":[{"href":"https:\/\/nourishedintheword.org\/id\/wp-json\/wp\/v2\/pages\/56","targetHints":{"allow":["GET"]}}],"collection":[{"href":"https:\/\/nourishedintheword.org\/id\/wp-json\/wp\/v2\/pages"}],"about":[{"href":"https:\/\/nourishedintheword.org\/id\/wp-json\/wp\/v2\/types\/page"}],"author":[{"embeddable":true,"href":"https:\/\/nourishedintheword.org\/id\/wp-json\/wp\/v2\/users\/1"}],"replies":[{"embeddable":true,"href":"https:\/\/nourishedintheword.org\/id\/wp-json\/wp\/v2\/comments?post=56"}],"version-history":[{"count":2,"href":"https:\/\/nourishedintheword.org\/id\/wp-json\/wp\/v2\/pages\/56\/revisions"}],"predecessor-version":[{"id":71,"href":"https:\/\/nourishedintheword.org\/id\/wp-json\/wp\/v2\/pages\/56\/revisions\/71"}],"wp:attachment":[{"href":"https:\/\/nourishedintheword.org\/id\/wp-json\/wp\/v2\/media?parent=56"}],"curies":[{"name":"wp","href":"https:\/\/api.w.org\/{rel}","templated":true}]}}